{"id":31289,"date":"2022-12-14T07:49:18","date_gmt":"2022-12-14T06:49:18","guid":{"rendered":"https:\/\/bw500.brentex-webproject.ch\/?page_id=31289"},"modified":"2026-04-03T18:00:17","modified_gmt":"2026-04-03T16:00:17","slug":"risiken","status":"publish","type":"page","link":"https:\/\/www.schwarzhorn-capital.ch\/en\/risiken\/","title":{"rendered":"Risks"},"content":{"rendered":"<div data-elementor-type=\"wp-page\" data-elementor-id=\"31289\" class=\"elementor elementor-31289\" data-elementor-post-type=\"page\">\n\t\t\t\t\t\t<section class=\"elementor-section elementor-top-section elementor-element elementor-element-2c7779c elementor-section-height-full elementor-section-items-bottom elementor-section-boxed elementor-section-height-default\" data-id=\"2c7779c\" data-element_type=\"section\" data-settings=\"{&quot;background_background&quot;:&quot;classic&quot;,&quot;_ha_eqh_enable&quot;:false}\">\n\t\t\t\t\t\t\t<div class=\"elementor-background-overlay\"><\/div>\n\t\t\t\t\t\t\t<div class=\"elementor-container elementor-column-gap-default\">\n\t\t\t\t\t<div class=\"elementor-column elementor-col-100 elementor-top-column elementor-element elementor-element-84cdc36\" data-id=\"84cdc36\" data-element_type=\"column\">\n\t\t\t<div class=\"elementor-widget-wrap elementor-element-populated\">\n\t\t\t\t\t\t<div class=\"elementor-element elementor-element-282a6b0 elementor-widget elementor-widget-heading\" data-id=\"282a6b0\" data-element_type=\"widget\" data-widget_type=\"heading.default\">\n\t\t\t\t<div class=\"elementor-widget-container\">\n\t\t\t<h2 class=\"elementor-heading-title elementor-size-default\">Risks\n<\/h2>\t\t<\/div>\n\t\t\t\t<\/div>\n\t\t\t\t<div class=\"elementor-element elementor-element-5d20ede elementor-widget elementor-widget-text-editor\" data-id=\"5d20ede\" data-element_type=\"widget\" data-widget_type=\"text-editor.default\">\n\t\t\t\t<div class=\"elementor-widget-container\">\n\t\t\t\t\t\t\t<p>We attach maximum importance to transparent and honest cooperation with our customers.\u00a0<\/p>\t\t\t\t\t\t<\/div>\n\t\t\t\t<\/div>\n\t\t\t\t<div class=\"elementor-element elementor-element-ee6334d elementor-widget__width-auto elementor-hidden-mobile elementor-widget elementor-widget-button\" data-id=\"ee6334d\" data-element_type=\"widget\" data-widget_type=\"button.default\">\n\t\t\t\t<div class=\"elementor-widget-container\">\n\t\t\t\t\t<div class=\"elementor-button-wrapper\">\n\t\t\t<a class=\"elementor-button elementor-button-link elementor-size-sm\" href=\"#elementor-action:action=popup:open&settings=eyJpZCI6IjMxNjA0IiwidG9nZ2xlIjp0cnVlfQ==\">\n\t\t\t\t\t\t<span class=\"elementor-button-content-wrapper\">\n\t\t\t\t\t\t<span class=\"elementor-button-icon elementor-align-icon-right\">\n\t\t\t\t<i aria-hidden=\"true\" class=\"icon icon-arrow-right\"><\/i>\t\t\t<\/span>\n\t\t\t\t\t\t<span class=\"elementor-button-text\">CONTACT NOW<\/span>\n\t\t<\/span>\n\t\t\t\t\t<\/a>\n\t\t<\/div>\n\t\t\t\t<\/div>\n\t\t\t\t<\/div>\n\t\t\t\t<div class=\"elementor-element elementor-element-fd8d404 elementor-widget__width-auto elementor-hidden-desktop elementor-hidden-tablet elementor-widget elementor-widget-button\" data-id=\"fd8d404\" data-element_type=\"widget\" data-widget_type=\"button.default\">\n\t\t\t\t<div class=\"elementor-widget-container\">\n\t\t\t\t\t<div class=\"elementor-button-wrapper\">\n\t\t\t<a class=\"elementor-button elementor-button-link elementor-size-sm\" href=\"https:\/\/www.schwarzhorn-capital.ch\/en\/kontakt\/\">\n\t\t\t\t\t\t<span class=\"elementor-button-content-wrapper\">\n\t\t\t\t\t\t<span class=\"elementor-button-icon elementor-align-icon-right\">\n\t\t\t\t<i aria-hidden=\"true\" class=\"icon icon-arrow-right\"><\/i>\t\t\t<\/span>\n\t\t\t\t\t\t<span class=\"elementor-button-text\">CONTACT NOW<\/span>\n\t\t<\/span>\n\t\t\t\t\t<\/a>\n\t\t<\/div>\n\t\t\t\t<\/div>\n\t\t\t\t<\/div>\n\t\t\t\t\t<\/div>\n\t\t<\/div>\n\t\t\t\t\t<\/div>\n\t\t<\/section>\n\t\t\t\t<section class=\"elementor-section elementor-top-section elementor-element elementor-element-3efe9b8 elementor-section-boxed elementor-section-height-default elementor-section-height-default\" data-id=\"3efe9b8\" data-element_type=\"section\" data-settings=\"{&quot;_ha_eqh_enable&quot;:false}\">\n\t\t\t\t\t\t<div class=\"elementor-container elementor-column-gap-default\">\n\t\t\t\t\t<div class=\"elementor-column elementor-col-100 elementor-top-column elementor-element elementor-element-1f2824b\" data-id=\"1f2824b\" data-element_type=\"column\">\n\t\t\t<div class=\"elementor-widget-wrap elementor-element-populated\">\n\t\t\t\t\t\t<div class=\"elementor-element elementor-element-6268368 elementor-widget elementor-widget-heading\" data-id=\"6268368\" data-element_type=\"widget\" data-widget_type=\"heading.default\">\n\t\t\t\t<div class=\"elementor-widget-container\">\n\t\t\t<h2 class=\"elementor-heading-title elementor-size-default\">Integrity, transparency and honesty are the core pillars of Schwarzhorn Capital AG<\/h2>\t\t<\/div>\n\t\t\t\t<\/div>\n\t\t\t\t\t<\/div>\n\t\t<\/div>\n\t\t\t\t\t<\/div>\n\t\t<\/section>\n\t\t\t\t<section class=\"elementor-section elementor-top-section elementor-element elementor-element-2020e09 elementor-reverse-tablet elementor-reverse-mobile elementor-section-boxed elementor-section-height-default elementor-section-height-default\" data-id=\"2020e09\" data-element_type=\"section\" data-settings=\"{&quot;_ha_eqh_enable&quot;:false}\">\n\t\t\t\t\t\t<div class=\"elementor-container elementor-column-gap-default\">\n\t\t\t\t\t<div class=\"elementor-column elementor-col-50 elementor-top-column elementor-element elementor-element-785e3ea\" data-id=\"785e3ea\" data-element_type=\"column\" data-settings=\"{&quot;background_background&quot;:&quot;classic&quot;}\">\n\t\t\t<div class=\"elementor-widget-wrap elementor-element-populated\">\n\t\t\t\t\t<div class=\"elementor-background-overlay\"><\/div>\n\t\t\t\t\t\t<div class=\"elementor-element elementor-element-9b74198 elementor-widget elementor-widget-spacer\" data-id=\"9b74198\" data-element_type=\"widget\" data-widget_type=\"spacer.default\">\n\t\t\t\t<div class=\"elementor-widget-container\">\n\t\t\t\t\t<div class=\"elementor-spacer\">\n\t\t\t<div class=\"elementor-spacer-inner\"><\/div>\n\t\t<\/div>\n\t\t\t\t<\/div>\n\t\t\t\t<\/div>\n\t\t\t\t\t<\/div>\n\t\t<\/div>\n\t\t\t\t<div class=\"elementor-column elementor-col-50 elementor-top-column elementor-element elementor-element-38c1b5b\" data-id=\"38c1b5b\" data-element_type=\"column\">\n\t\t\t<div class=\"elementor-widget-wrap elementor-element-populated\">\n\t\t\t\t\t\t<div class=\"elementor-element elementor-element-f4177aa elementor-list-item-link-inline elementor-icon-list--layout-traditional elementor-widget elementor-widget-icon-list\" data-id=\"f4177aa\" data-element_type=\"widget\" data-widget_type=\"icon-list.default\">\n\t\t\t\t<div class=\"elementor-widget-container\">\n\t\t\t\t\t<ul class=\"elementor-icon-list-items\">\n\t\t\t\t\t\t\t<li class=\"elementor-icon-list-item\">\n\t\t\t\t\t\t\t\t\t\t\t<span class=\"elementor-icon-list-icon\">\n\t\t\t\t\t\t\t<i aria-hidden=\"true\" class=\"fas fa-square-full\"><\/i>\t\t\t\t\t\t<\/span>\n\t\t\t\t\t\t\t\t\t\t<span class=\"elementor-icon-list-text\">RECOGNIZE AND ASSESS RISKS<\/span>\n\t\t\t\t\t\t\t\t\t<\/li>\n\t\t\t\t\t\t<\/ul>\n\t\t\t\t<\/div>\n\t\t\t\t<\/div>\n\t\t\t\t<div class=\"elementor-element elementor-element-0d217ce elementor-widget elementor-widget-text-editor\" data-id=\"0d217ce\" data-element_type=\"widget\" data-widget_type=\"text-editor.default\">\n\t\t\t\t<div class=\"elementor-widget-container\">\n\t\t\t\t\t\t\t<p>It is no secret that private equity investments carry a high risk. We help you consider all possible courses of your investment and make the best possible decision for you. Every company is different and so are the risks associated with an investment. We take this diversity into account in our consulting services and support you in identifying and evaluating the risks relevant to you.<\/p><p>We bear a great responsibility and accordingly work in compliance with the highest standards. For a good client relationship, a truthful, competent and unbiased presentation of opportunities as well as risks is fundamental - exactly this advice is offered by Schwarzhorn Capital AG.<\/p>\t\t\t\t\t\t<\/div>\n\t\t\t\t<\/div>\n\t\t\t\t\t<\/div>\n\t\t<\/div>\n\t\t\t\t\t<\/div>\n\t\t<\/section>\n\t\t\t\t<section class=\"elementor-section elementor-top-section elementor-element elementor-element-f754821 elementor-section-boxed elementor-section-height-default elementor-section-height-default\" data-id=\"f754821\" data-element_type=\"section\" data-settings=\"{&quot;background_background&quot;:&quot;classic&quot;,&quot;background_motion_fx_scale_speed&quot;:{&quot;unit&quot;:&quot;px&quot;,&quot;size&quot;:2,&quot;sizes&quot;:[]},&quot;background_motion_fx_motion_fx_scrolling&quot;:&quot;yes&quot;,&quot;background_motion_fx_scale_effect&quot;:&quot;yes&quot;,&quot;background_motion_fx_scale_direction&quot;:&quot;out-in&quot;,&quot;background_motion_fx_scale_range&quot;:{&quot;unit&quot;:&quot;%&quot;,&quot;size&quot;:&quot;&quot;,&quot;sizes&quot;:{&quot;start&quot;:20,&quot;end&quot;:80}},&quot;background_motion_fx_devices&quot;:[&quot;desktop&quot;,&quot;tablet&quot;,&quot;mobile&quot;],&quot;_ha_eqh_enable&quot;:false}\">\n\t\t\t\t\t\t\t<div class=\"elementor-background-overlay\"><\/div>\n\t\t\t\t\t\t\t<div class=\"elementor-container elementor-column-gap-default\">\n\t\t\t\t\t<div class=\"elementor-column elementor-col-100 elementor-top-column elementor-element elementor-element-5c5a3d4\" data-id=\"5c5a3d4\" data-element_type=\"column\">\n\t\t\t<div class=\"elementor-widget-wrap elementor-element-populated\">\n\t\t\t\t\t\t<div class=\"elementor-element elementor-element-8c3b3c7 elementor-widget elementor-widget-heading\" data-id=\"8c3b3c7\" data-element_type=\"widget\" data-widget_type=\"heading.default\">\n\t\t\t\t<div class=\"elementor-widget-container\">\n\t\t\t<h2 class=\"elementor-heading-title elementor-size-default\">Are you looking for professional advice on private equity?<\/h2>\t\t<\/div>\n\t\t\t\t<\/div>\n\t\t\t\t<div class=\"elementor-element elementor-element-0d5a03b elementor-widget elementor-widget-text-editor\" data-id=\"0d5a03b\" data-element_type=\"widget\" data-widget_type=\"text-editor.default\">\n\t\t\t\t<div class=\"elementor-widget-container\">\n\t\t\t\t\t\t\t<p>We have excellent experience in private equity and successfully mediate investors and companies. Contact us for further information or a detailed consultation.<\/p>\t\t\t\t\t\t<\/div>\n\t\t\t\t<\/div>\n\t\t\t\t<div class=\"elementor-element elementor-element-c8953a9 elementor-widget__width-auto elementor-hidden-mobile elementor-widget elementor-widget-button\" data-id=\"c8953a9\" data-element_type=\"widget\" data-widget_type=\"button.default\">\n\t\t\t\t<div class=\"elementor-widget-container\">\n\t\t\t\t\t<div class=\"elementor-button-wrapper\">\n\t\t\t<a class=\"elementor-button elementor-button-link elementor-size-sm\" href=\"#elementor-action:action=popup:open&settings=eyJpZCI6IjMxNjA0IiwidG9nZ2xlIjp0cnVlfQ==\">\n\t\t\t\t\t\t<span class=\"elementor-button-content-wrapper\">\n\t\t\t\t\t\t<span class=\"elementor-button-icon elementor-align-icon-right\">\n\t\t\t\t<i aria-hidden=\"true\" class=\"icon icon-arrow-right\"><\/i>\t\t\t<\/span>\n\t\t\t\t\t\t<span class=\"elementor-button-text\">CONTACT NOW<\/span>\n\t\t<\/span>\n\t\t\t\t\t<\/a>\n\t\t<\/div>\n\t\t\t\t<\/div>\n\t\t\t\t<\/div>\n\t\t\t\t<div class=\"elementor-element elementor-element-ad39ecd elementor-widget__width-auto elementor-hidden-desktop elementor-hidden-tablet elementor-widget elementor-widget-button\" data-id=\"ad39ecd\" data-element_type=\"widget\" data-widget_type=\"button.default\">\n\t\t\t\t<div class=\"elementor-widget-container\">\n\t\t\t\t\t<div class=\"elementor-button-wrapper\">\n\t\t\t<a class=\"elementor-button elementor-button-link elementor-size-sm\" href=\"https:\/\/www.schwarzhorn-capital.ch\/en\/kontakt\/\">\n\t\t\t\t\t\t<span class=\"elementor-button-content-wrapper\">\n\t\t\t\t\t\t<span class=\"elementor-button-icon elementor-align-icon-right\">\n\t\t\t\t<i aria-hidden=\"true\" class=\"icon icon-arrow-right\"><\/i>\t\t\t<\/span>\n\t\t\t\t\t\t<span class=\"elementor-button-text\">CONTACT NOW<\/span>\n\t\t<\/span>\n\t\t\t\t\t<\/a>\n\t\t<\/div>\n\t\t\t\t<\/div>\n\t\t\t\t<\/div>\n\t\t\t\t\t<\/div>\n\t\t<\/div>\n\t\t\t\t\t<\/div>\n\t\t<\/section>\n\t\t\t\t<\/div>","protected":false},"excerpt":{"rendered":"<p>Risiken Wir legen maximalen Wert auf eine transparente und ehrliche Zusammenarbeit mit unseren Kunden.&nbsp; Jetzt kontaktieren Jetzt kontaktieren Integrit\u00e4t, Transparenz und Ehrlichkeit sind Kernpfeiler der Schwarzhorn Capital AG RISIKEN KENNEN UND BEWERTEN Es ist kein Geheimnis, dass Private Equity Investitionen eine grosse Gewinnchance bieten, aber auch Verlustpotenzial bergen und im schlimmsten Fall zum totalen Verlust [&hellip;]<\/p>","protected":false},"author":3,"featured_media":34650,"parent":0,"menu_order":6,"comment_status":"closed","ping_status":"closed","template":"elementor_header_footer","meta":{"footnotes":""},"yoast_head":"<!-- This site is optimized with the Yoast SEO plugin v22.0 - https:\/\/yoast.com\/wordpress\/plugins\/seo\/ -->\n<title>Risiken \u2013 Schwarzhorn Capital AG | Transparenz &amp; Private Equity<\/title>\n<meta name=\"description\" content=\"Erfahren Sie mehr \u00fcber Risiken im Private Equity. Schwarzhorn Capital AG steht f\u00fcr Transparenz, Integrit\u00e4t und ehrliche Beratung in der Schweiz.\" \/>\n<meta name=\"robots\" content=\"index, follow, max-snippet:-1, max-image-preview:large, max-video-preview:-1\" \/>\n<link rel=\"canonical\" href=\"https:\/\/www.schwarzhorn-capital.ch\/en\/risiken\/\" \/>\n<meta property=\"og:locale\" content=\"en_US\" \/>\n<meta property=\"og:type\" content=\"article\" \/>\n<meta property=\"og:title\" content=\"Risiken \u2013 Schwarzhorn Capital AG | Transparenz &amp; Private Equity\" \/>\n<meta property=\"og:description\" content=\"Erfahren Sie mehr \u00fcber Risiken im Private Equity. Schwarzhorn Capital AG steht f\u00fcr Transparenz, Integrit\u00e4t und ehrliche Beratung in der Schweiz.\" \/>\n<meta property=\"og:url\" content=\"https:\/\/www.schwarzhorn-capital.ch\/en\/risiken\/\" \/>\n<meta property=\"og:site_name\" content=\"Schwarzhorn Capital\" \/>\n<meta property=\"article:modified_time\" content=\"2026-04-03T16:00:17+00:00\" \/>\n<meta property=\"og:image\" content=\"https:\/\/www.schwarzhorn-capital.ch\/wp-content\/uploads\/2022\/12\/Schwarzhorn-Capital-AG.jpg\" \/>\n\t<meta property=\"og:image:width\" content=\"1024\" \/>\n\t<meta property=\"og:image:height\" content=\"1024\" \/>\n\t<meta property=\"og:image:type\" content=\"image\/jpeg\" \/>\n<meta name=\"twitter:card\" content=\"summary_large_image\" \/>\n<meta name=\"twitter:label1\" content=\"Est. reading time\" \/>\n\t<meta name=\"twitter:data1\" content=\"1 minute\" \/>\n<script type=\"application\/ld+json\" class=\"yoast-schema-graph\">{\"@context\":\"https:\/\/schema.org\",\"@graph\":[{\"@type\":\"WebPage\",\"@id\":\"https:\/\/www.schwarzhorn-capital.ch\/risiken\/\",\"url\":\"https:\/\/www.schwarzhorn-capital.ch\/risiken\/\",\"name\":\"Risiken \u2013 Schwarzhorn Capital AG | Transparenz & Private Equity\",\"isPartOf\":{\"@id\":\"https:\/\/www.schwarzhorn-capital.ch\/#website\"},\"datePublished\":\"2022-12-14T06:49:18+00:00\",\"dateModified\":\"2026-04-03T16:00:17+00:00\",\"description\":\"Erfahren Sie mehr \u00fcber Risiken im Private Equity. Schwarzhorn Capital AG steht f\u00fcr Transparenz, Integrit\u00e4t und ehrliche Beratung in der Schweiz.\",\"breadcrumb\":{\"@id\":\"https:\/\/www.schwarzhorn-capital.ch\/risiken\/#breadcrumb\"},\"inLanguage\":\"en-US\",\"potentialAction\":[{\"@type\":\"ReadAction\",\"target\":[\"https:\/\/www.schwarzhorn-capital.ch\/risiken\/\"]}]},{\"@type\":\"BreadcrumbList\",\"@id\":\"https:\/\/www.schwarzhorn-capital.ch\/risiken\/#breadcrumb\",\"itemListElement\":[{\"@type\":\"ListItem\",\"position\":1,\"name\":\"Home\",\"item\":\"https:\/\/www.schwarzhorn-capital.ch\/\"},{\"@type\":\"ListItem\",\"position\":2,\"name\":\"Risiken\"}]},{\"@type\":\"WebSite\",\"@id\":\"https:\/\/www.schwarzhorn-capital.ch\/#website\",\"url\":\"https:\/\/www.schwarzhorn-capital.ch\/\",\"name\":\"Schwarzhorn Capital\",\"description\":\"Schwarzhorn Capital AG\",\"publisher\":{\"@id\":\"https:\/\/www.schwarzhorn-capital.ch\/#organization\"},\"alternateName\":\"Schwarzhorn Capital AG\",\"inLanguage\":\"en-US\"},{\"@type\":\"Organization\",\"@id\":\"https:\/\/www.schwarzhorn-capital.ch\/#organization\",\"name\":\"Schwarzhorn Capital\",\"alternateName\":\"Schwarzhorn Capital AG\",\"url\":\"https:\/\/www.schwarzhorn-capital.ch\/\",\"logo\":{\"@type\":\"ImageObject\",\"inLanguage\":\"en-US\",\"@id\":\"https:\/\/www.schwarzhorn-capital.ch\/#\/schema\/logo\/image\/\",\"url\":\"https:\/\/www.schwarzhorn-capital.ch\/wp-content\/uploads\/2020\/10\/Schwarzhorn-Capital-AG-Siteicon-2.jpg\",\"contentUrl\":\"https:\/\/www.schwarzhorn-capital.ch\/wp-content\/uploads\/2020\/10\/Schwarzhorn-Capital-AG-Siteicon-2.jpg\",\"width\":512,\"height\":512,\"caption\":\"Schwarzhorn Capital\"},\"image\":{\"@id\":\"https:\/\/www.schwarzhorn-capital.ch\/#\/schema\/logo\/image\/\"}}]}<\/script>\n<!-- \/ Yoast SEO plugin. -->","yoast_head_json":{"title":"Risiken \u2013 Schwarzhorn Capital AG | Transparenz & Private Equity","description":"Erfahren Sie mehr \u00fcber Risiken im Private Equity. Schwarzhorn Capital AG steht f\u00fcr Transparenz, Integrit\u00e4t und ehrliche Beratung in der Schweiz.","robots":{"index":"index","follow":"follow","max-snippet":"max-snippet:-1","max-image-preview":"max-image-preview:large","max-video-preview":"max-video-preview:-1"},"canonical":"https:\/\/www.schwarzhorn-capital.ch\/en\/risiken\/","og_locale":"en_US","og_type":"article","og_title":"Risiken \u2013 Schwarzhorn Capital AG | Transparenz & Private Equity","og_description":"Erfahren Sie mehr \u00fcber Risiken im Private Equity. Schwarzhorn Capital AG steht f\u00fcr Transparenz, Integrit\u00e4t und ehrliche Beratung in der Schweiz.","og_url":"https:\/\/www.schwarzhorn-capital.ch\/en\/risiken\/","og_site_name":"Schwarzhorn Capital","article_modified_time":"2026-04-03T16:00:17+00:00","og_image":[{"width":1024,"height":1024,"url":"https:\/\/www.schwarzhorn-capital.ch\/wp-content\/uploads\/2022\/12\/Schwarzhorn-Capital-AG.jpg","type":"image\/jpeg"}],"twitter_card":"summary_large_image","twitter_misc":{"Est. reading time":"1 minute"},"schema":{"@context":"https:\/\/schema.org","@graph":[{"@type":"WebPage","@id":"https:\/\/www.schwarzhorn-capital.ch\/risiken\/","url":"https:\/\/www.schwarzhorn-capital.ch\/risiken\/","name":"Risiken \u2013 Schwarzhorn Capital AG | Transparenz & Private Equity","isPartOf":{"@id":"https:\/\/www.schwarzhorn-capital.ch\/#website"},"datePublished":"2022-12-14T06:49:18+00:00","dateModified":"2026-04-03T16:00:17+00:00","description":"Erfahren Sie mehr \u00fcber Risiken im Private Equity. Schwarzhorn Capital AG steht f\u00fcr Transparenz, Integrit\u00e4t und ehrliche Beratung in der Schweiz.","breadcrumb":{"@id":"https:\/\/www.schwarzhorn-capital.ch\/risiken\/#breadcrumb"},"inLanguage":"en-US","potentialAction":[{"@type":"ReadAction","target":["https:\/\/www.schwarzhorn-capital.ch\/risiken\/"]}]},{"@type":"BreadcrumbList","@id":"https:\/\/www.schwarzhorn-capital.ch\/risiken\/#breadcrumb","itemListElement":[{"@type":"ListItem","position":1,"name":"Home","item":"https:\/\/www.schwarzhorn-capital.ch\/"},{"@type":"ListItem","position":2,"name":"Risiken"}]},{"@type":"WebSite","@id":"https:\/\/www.schwarzhorn-capital.ch\/#website","url":"https:\/\/www.schwarzhorn-capital.ch\/","name":"Schwarzhorn Capital","description":"Schwarzhorn Capital AG","publisher":{"@id":"https:\/\/www.schwarzhorn-capital.ch\/#organization"},"alternateName":"Schwarzhorn Capital AG","inLanguage":"en-US"},{"@type":"Organization","@id":"https:\/\/www.schwarzhorn-capital.ch\/#organization","name":"Schwarzhorn Capital","alternateName":"Schwarzhorn Capital AG","url":"https:\/\/www.schwarzhorn-capital.ch\/","logo":{"@type":"ImageObject","inLanguage":"en-US","@id":"https:\/\/www.schwarzhorn-capital.ch\/#\/schema\/logo\/image\/","url":"https:\/\/www.schwarzhorn-capital.ch\/wp-content\/uploads\/2020\/10\/Schwarzhorn-Capital-AG-Siteicon-2.jpg","contentUrl":"https:\/\/www.schwarzhorn-capital.ch\/wp-content\/uploads\/2020\/10\/Schwarzhorn-Capital-AG-Siteicon-2.jpg","width":512,"height":512,"caption":"Schwarzhorn Capital"},"image":{"@id":"https:\/\/www.schwarzhorn-capital.ch\/#\/schema\/logo\/image\/"}}]}},"_links":{"self":[{"href":"https:\/\/www.schwarzhorn-capital.ch\/en\/wp-json\/wp\/v2\/pages\/31289"}],"collection":[{"href":"https:\/\/www.schwarzhorn-capital.ch\/en\/wp-json\/wp\/v2\/pages"}],"about":[{"href":"https:\/\/www.schwarzhorn-capital.ch\/en\/wp-json\/wp\/v2\/types\/page"}],"author":[{"embeddable":true,"href":"https:\/\/www.schwarzhorn-capital.ch\/en\/wp-json\/wp\/v2\/users\/3"}],"replies":[{"embeddable":true,"href":"https:\/\/www.schwarzhorn-capital.ch\/en\/wp-json\/wp\/v2\/comments?post=31289"}],"version-history":[{"count":184,"href":"https:\/\/www.schwarzhorn-capital.ch\/en\/wp-json\/wp\/v2\/pages\/31289\/revisions"}],"predecessor-version":[{"id":36482,"href":"https:\/\/www.schwarzhorn-capital.ch\/en\/wp-json\/wp\/v2\/pages\/31289\/revisions\/36482"}],"wp:featuredmedia":[{"embeddable":true,"href":"https:\/\/www.schwarzhorn-capital.ch\/en\/wp-json\/wp\/v2\/media\/34650"}],"wp:attachment":[{"href":"https:\/\/www.schwarzhorn-capital.ch\/en\/wp-json\/wp\/v2\/media?parent=31289"}],"curies":[{"name":"wp","href":"https:\/\/api.w.org\/{rel}","templated":true}]}}