{"id":28958,"date":"2022-11-17T15:59:18","date_gmt":"2022-11-17T14:59:18","guid":{"rendered":"https:\/\/bw500.brentex-webproject.ch\/?page_id=28958"},"modified":"2023-03-13T09:49:59","modified_gmt":"2023-03-13T08:49:59","slug":"anlagebedarf","status":"publish","type":"page","link":"https:\/\/www.schwarzhorn-capital.ch\/en\/anlagebedarf\/","title":{"rendered":"Investment needs"},"content":{"rendered":"<div data-elementor-type=\"wp-page\" data-elementor-id=\"28958\" class=\"elementor elementor-28958\" data-elementor-post-type=\"page\">\n\t\t\t\t\t\t<section class=\"elementor-section elementor-top-section elementor-element elementor-element-64ae123 elementor-section-height-full elementor-section-items-bottom elementor-section-boxed elementor-section-height-default\" data-id=\"64ae123\" data-element_type=\"section\" data-settings=\"{&quot;background_background&quot;:&quot;classic&quot;,&quot;_ha_eqh_enable&quot;:false}\">\n\t\t\t\t\t\t\t<div class=\"elementor-background-overlay\"><\/div>\n\t\t\t\t\t\t\t<div class=\"elementor-container elementor-column-gap-default\">\n\t\t\t\t\t<div class=\"elementor-column elementor-col-100 elementor-top-column elementor-element elementor-element-aff2649\" data-id=\"aff2649\" data-element_type=\"column\">\n\t\t\t<div class=\"elementor-widget-wrap elementor-element-populated\">\n\t\t\t\t\t\t<div class=\"elementor-element elementor-element-7f10e16 elementor-widget elementor-widget-heading\" data-id=\"7f10e16\" data-element_type=\"widget\" data-widget_type=\"heading.default\">\n\t\t\t\t<div class=\"elementor-widget-container\">\n\t\t\t<h2 class=\"elementor-heading-title elementor-size-default\">Investment needs<\/h2>\t\t<\/div>\n\t\t\t\t<\/div>\n\t\t\t\t<div class=\"elementor-element elementor-element-1424158 elementor-widget elementor-widget-text-editor\" data-id=\"1424158\" data-element_type=\"widget\" data-widget_type=\"text-editor.default\">\n\t\t\t\t<div class=\"elementor-widget-container\">\n\t\t\t\t\t\t\t<p>Invest successfully with our competent support.\u00a0<\/p>\t\t\t\t\t\t<\/div>\n\t\t\t\t<\/div>\n\t\t\t\t<div class=\"elementor-element elementor-element-479a0fb elementor-widget__width-auto elementor-hidden-mobile elementor-widget elementor-widget-button\" data-id=\"479a0fb\" data-element_type=\"widget\" data-widget_type=\"button.default\">\n\t\t\t\t<div class=\"elementor-widget-container\">\n\t\t\t\t\t<div class=\"elementor-button-wrapper\">\n\t\t\t<a class=\"elementor-button elementor-button-link elementor-size-sm\" href=\"#elementor-action:action=popup:open&settings=eyJpZCI6IjMxNjA0IiwidG9nZ2xlIjp0cnVlfQ==\">\n\t\t\t\t\t\t<span class=\"elementor-button-content-wrapper\">\n\t\t\t\t\t\t<span class=\"elementor-button-icon elementor-align-icon-right\">\n\t\t\t\t<i aria-hidden=\"true\" class=\"icon icon-arrow-right\"><\/i>\t\t\t<\/span>\n\t\t\t\t\t\t<span class=\"elementor-button-text\">CONTACT NOW<\/span>\n\t\t<\/span>\n\t\t\t\t\t<\/a>\n\t\t<\/div>\n\t\t\t\t<\/div>\n\t\t\t\t<\/div>\n\t\t\t\t<div class=\"elementor-element elementor-element-a8cc73d elementor-widget__width-auto elementor-hidden-desktop elementor-hidden-tablet elementor-widget elementor-widget-button\" data-id=\"a8cc73d\" data-element_type=\"widget\" data-widget_type=\"button.default\">\n\t\t\t\t<div class=\"elementor-widget-container\">\n\t\t\t\t\t<div class=\"elementor-button-wrapper\">\n\t\t\t<a class=\"elementor-button elementor-button-link elementor-size-sm\" href=\"https:\/\/www.schwarzhorn-capital.ch\/en\/kontakt\/\">\n\t\t\t\t\t\t<span class=\"elementor-button-content-wrapper\">\n\t\t\t\t\t\t<span class=\"elementor-button-icon elementor-align-icon-right\">\n\t\t\t\t<i aria-hidden=\"true\" class=\"icon icon-arrow-right\"><\/i>\t\t\t<\/span>\n\t\t\t\t\t\t<span class=\"elementor-button-text\">CONTACT NOW<\/span>\n\t\t<\/span>\n\t\t\t\t\t<\/a>\n\t\t<\/div>\n\t\t\t\t<\/div>\n\t\t\t\t<\/div>\n\t\t\t\t\t<\/div>\n\t\t<\/div>\n\t\t\t\t\t<\/div>\n\t\t<\/section>\n\t\t\t\t<section class=\"elementor-section elementor-top-section elementor-element elementor-element-ed8f1d2 elementor-section-boxed elementor-section-height-default elementor-section-height-default\" data-id=\"ed8f1d2\" data-element_type=\"section\" data-settings=\"{&quot;background_background&quot;:&quot;classic&quot;,&quot;_ha_eqh_enable&quot;:false}\">\n\t\t\t\t\t\t<div class=\"elementor-container elementor-column-gap-default\">\n\t\t\t\t\t<div class=\"elementor-column elementor-col-100 elementor-top-column elementor-element elementor-element-1607bf2\" data-id=\"1607bf2\" data-element_type=\"column\">\n\t\t\t<div class=\"elementor-widget-wrap elementor-element-populated\">\n\t\t\t\t\t\t<div class=\"elementor-element elementor-element-739c0f1 elementor-widget elementor-widget-heading\" data-id=\"739c0f1\" data-element_type=\"widget\" data-widget_type=\"heading.default\">\n\t\t\t\t<div class=\"elementor-widget-container\">\n\t\t\t<h2 class=\"elementor-heading-title elementor-size-default\">Take an active part in shaping the future - through private equity investments, you become part of the success.<\/h2>\t\t<\/div>\n\t\t\t\t<\/div>\n\t\t\t\t\t<\/div>\n\t\t<\/div>\n\t\t\t\t\t<\/div>\n\t\t<\/section>\n\t\t\t\t<section class=\"elementor-section elementor-top-section elementor-element elementor-element-87693d8 elementor-reverse-tablet elementor-reverse-mobile elementor-section-boxed elementor-section-height-default elementor-section-height-default\" data-id=\"87693d8\" data-element_type=\"section\" data-settings=\"{&quot;background_background&quot;:&quot;classic&quot;,&quot;_ha_eqh_enable&quot;:false}\">\n\t\t\t\t\t\t<div class=\"elementor-container elementor-column-gap-default\">\n\t\t\t\t\t<div class=\"elementor-column elementor-col-50 elementor-top-column elementor-element elementor-element-4d269df\" data-id=\"4d269df\" data-element_type=\"column\" data-settings=\"{&quot;background_background&quot;:&quot;classic&quot;}\">\n\t\t\t<div class=\"elementor-widget-wrap elementor-element-populated\">\n\t\t\t\t\t<div class=\"elementor-background-overlay\"><\/div>\n\t\t\t\t\t\t<div class=\"elementor-element elementor-element-d2322c3 elementor-widget elementor-widget-spacer\" data-id=\"d2322c3\" data-element_type=\"widget\" data-widget_type=\"spacer.default\">\n\t\t\t\t<div class=\"elementor-widget-container\">\n\t\t\t\t\t<div class=\"elementor-spacer\">\n\t\t\t<div class=\"elementor-spacer-inner\"><\/div>\n\t\t<\/div>\n\t\t\t\t<\/div>\n\t\t\t\t<\/div>\n\t\t\t\t\t<\/div>\n\t\t<\/div>\n\t\t\t\t<div class=\"elementor-column elementor-col-50 elementor-top-column elementor-element elementor-element-2ea5ab6\" data-id=\"2ea5ab6\" data-element_type=\"column\">\n\t\t\t<div class=\"elementor-widget-wrap elementor-element-populated\">\n\t\t\t\t\t\t<div class=\"elementor-element elementor-element-8b59f4e elementor-list-item-link-inline elementor-icon-list--layout-traditional elementor-widget elementor-widget-icon-list\" data-id=\"8b59f4e\" data-element_type=\"widget\" data-widget_type=\"icon-list.default\">\n\t\t\t\t<div class=\"elementor-widget-container\">\n\t\t\t\t\t<ul class=\"elementor-icon-list-items\">\n\t\t\t\t\t\t\t<li class=\"elementor-icon-list-item\">\n\t\t\t\t\t\t\t\t\t\t\t<span class=\"elementor-icon-list-icon\">\n\t\t\t\t\t\t\t<i aria-hidden=\"true\" class=\"fas fa-square-full\"><\/i>\t\t\t\t\t\t<\/span>\n\t\t\t\t\t\t\t\t\t\t<span class=\"elementor-icon-list-text\">DIRECT INVESTMENTS IN COMPANIES<\/span>\n\t\t\t\t\t\t\t\t\t<\/li>\n\t\t\t\t\t\t<\/ul>\n\t\t\t\t<\/div>\n\t\t\t\t<\/div>\n\t\t\t\t<div class=\"elementor-element elementor-element-35e9bf2 elementor-widget elementor-widget-text-editor\" data-id=\"35e9bf2\" data-element_type=\"widget\" data-widget_type=\"text-editor.default\">\n\t\t\t\t<div class=\"elementor-widget-container\">\n\t\t\t\t\t\t\t<p>Private equity investing allows companies to avoid going public, giving management more freedom to run the company. This additional freedom also gives investors a high degree of influence over the company and its operations.<\/p>\n<p>Furthermore, the volatility of the market is much lower compared to other forms of investment and the investor usually receives potentially higher returns in the long term than on the stock exchange.<\/p>\t\t\t\t\t\t<\/div>\n\t\t\t\t<\/div>\n\t\t\t\t\t<\/div>\n\t\t<\/div>\n\t\t\t\t\t<\/div>\n\t\t<\/section>\n\t\t\t\t<section class=\"elementor-section elementor-top-section elementor-element elementor-element-9039388 elementor-section-boxed elementor-section-height-default elementor-section-height-default\" data-id=\"9039388\" data-element_type=\"section\" data-settings=\"{&quot;background_background&quot;:&quot;classic&quot;,&quot;_ha_eqh_enable&quot;:false}\">\n\t\t\t\t\t\t<div class=\"elementor-container elementor-column-gap-default\">\n\t\t\t\t\t<div class=\"elementor-column elementor-col-50 elementor-top-column elementor-element elementor-element-ba8682c\" data-id=\"ba8682c\" data-element_type=\"column\">\n\t\t\t<div class=\"elementor-widget-wrap elementor-element-populated\">\n\t\t\t\t\t\t<div class=\"elementor-element elementor-element-403c4ed elementor-widget elementor-widget-heading\" data-id=\"403c4ed\" data-element_type=\"widget\" data-widget_type=\"heading.default\">\n\t\t\t\t<div class=\"elementor-widget-container\">\n\t\t\t<h2 class=\"elementor-heading-title elementor-size-default\">Professional advice based on transparency, independence &amp; commitment.<\/h2>\t\t<\/div>\n\t\t\t\t<\/div>\n\t\t\t\t\t<\/div>\n\t\t<\/div>\n\t\t\t\t<div class=\"elementor-column elementor-col-50 elementor-top-column elementor-element elementor-element-3014559\" data-id=\"3014559\" data-element_type=\"column\">\n\t\t\t<div class=\"elementor-widget-wrap elementor-element-populated\">\n\t\t\t\t\t\t<div class=\"elementor-element elementor-element-1dd3bad elementor-list-item-link-inline elementor-icon-list--layout-traditional elementor-widget elementor-widget-icon-list\" data-id=\"1dd3bad\" data-element_type=\"widget\" data-widget_type=\"icon-list.default\">\n\t\t\t\t<div class=\"elementor-widget-container\">\n\t\t\t\t\t<ul class=\"elementor-icon-list-items\">\n\t\t\t\t\t\t\t<li class=\"elementor-icon-list-item\">\n\t\t\t\t\t\t\t\t\t\t\t<span class=\"elementor-icon-list-icon\">\n\t\t\t\t\t\t\t<i aria-hidden=\"true\" class=\"fas fa-square-full\"><\/i>\t\t\t\t\t\t<\/span>\n\t\t\t\t\t\t\t\t\t\t<span class=\"elementor-icon-list-text\">YOUR PROSPECTS FOR SUCCESS WITH SCHWARZHORN CAPITAL AG<\/span>\n\t\t\t\t\t\t\t\t\t<\/li>\n\t\t\t\t\t\t<\/ul>\n\t\t\t\t<\/div>\n\t\t\t\t<\/div>\n\t\t\t\t<div class=\"elementor-element elementor-element-b61c593 elementor-widget elementor-widget-text-editor\" data-id=\"b61c593\" data-element_type=\"widget\" data-widget_type=\"text-editor.default\">\n\t\t\t\t<div class=\"elementor-widget-container\">\n\t\t\t\t\t\t\t<p>Investments in non-public companies have enormous growth potential. The market development of the last few years proves this impressively, which is why institutional as well as wealthy private investors are increasingly looking for such opportunities.<\/p><p>We are very well networked in the industry and work with the most promising young companies in Switzerland. One focus of our work is the careful selection of projects and companies. We only place them if we see promising innovations and high chances of success.<\/p>\t\t\t\t\t\t<\/div>\n\t\t\t\t<\/div>\n\t\t\t\t\t<\/div>\n\t\t<\/div>\n\t\t\t\t\t<\/div>\n\t\t<\/section>\n\t\t\t\t<section class=\"elementor-section elementor-top-section elementor-element elementor-element-d287ac1 elementor-section-boxed elementor-section-height-default elementor-section-height-default\" data-id=\"d287ac1\" data-element_type=\"section\" data-settings=\"{&quot;_ha_eqh_enable&quot;:false}\">\n\t\t\t\t\t\t<div class=\"elementor-container elementor-column-gap-default\">\n\t\t\t\t\t<div class=\"elementor-column elementor-col-50 elementor-top-column elementor-element elementor-element-c161156\" data-id=\"c161156\" data-element_type=\"column\">\n\t\t\t<div class=\"elementor-widget-wrap elementor-element-populated\">\n\t\t\t\t\t\t<div class=\"elementor-element elementor-element-d297338 elementor-list-item-link-inline elementor-icon-list--layout-traditional elementor-widget elementor-widget-icon-list\" data-id=\"d297338\" data-element_type=\"widget\" data-widget_type=\"icon-list.default\">\n\t\t\t\t<div class=\"elementor-widget-container\">\n\t\t\t\t\t<ul class=\"elementor-icon-list-items\">\n\t\t\t\t\t\t\t<li class=\"elementor-icon-list-item\">\n\t\t\t\t\t\t\t\t\t\t\t<span class=\"elementor-icon-list-icon\">\n\t\t\t\t\t\t\t<i aria-hidden=\"true\" class=\"fas fa-square-full\"><\/i>\t\t\t\t\t\t<\/span>\n\t\t\t\t\t\t\t\t\t\t<span class=\"elementor-icon-list-text\">THE PROCESS OF OUR COOPERATION<\/span>\n\t\t\t\t\t\t\t\t\t<\/li>\n\t\t\t\t\t\t<\/ul>\n\t\t\t\t<\/div>\n\t\t\t\t<\/div>\n\t\t\t\t<div class=\"elementor-element elementor-element-5d73649 elementor-widget elementor-widget-text-editor\" data-id=\"5d73649\" data-element_type=\"widget\" data-widget_type=\"text-editor.default\">\n\t\t\t\t<div class=\"elementor-widget-container\">\n\t\t\t\t\t\t\t<p>Schwarzhorn Capital AG addresses potential investors considering promising investments. Specially selected for you, we present possible partnerships. Following such a presentation, we offer you the opportunity to acquire company shares and thus also certain asset and voting rights.<\/p><p>We deal in detail and professionally with all important factors, such as possible risks, special features and opportunities. Schwarzhorn Capital AG acts as an intermediary for strong and innovative private equity investments and accompanies you in your long-term success.<\/p>\t\t\t\t\t\t<\/div>\n\t\t\t\t<\/div>\n\t\t\t\t\t<\/div>\n\t\t<\/div>\n\t\t\t\t<div class=\"elementor-column elementor-col-50 elementor-top-column elementor-element elementor-element-abf84a4\" data-id=\"abf84a4\" data-element_type=\"column\" data-settings=\"{&quot;background_background&quot;:&quot;classic&quot;}\">\n\t\t\t<div class=\"elementor-widget-wrap elementor-element-populated\">\n\t\t\t\t\t<div class=\"elementor-background-overlay\"><\/div>\n\t\t\t\t\t\t<div class=\"elementor-element elementor-element-4542a36 elementor-widget elementor-widget-spacer\" data-id=\"4542a36\" data-element_type=\"widget\" data-widget_type=\"spacer.default\">\n\t\t\t\t<div class=\"elementor-widget-container\">\n\t\t\t\t\t<div class=\"elementor-spacer\">\n\t\t\t<div class=\"elementor-spacer-inner\"><\/div>\n\t\t<\/div>\n\t\t\t\t<\/div>\n\t\t\t\t<\/div>\n\t\t\t\t\t<\/div>\n\t\t<\/div>\n\t\t\t\t\t<\/div>\n\t\t<\/section>\n\t\t\t\t<section class=\"elementor-section elementor-top-section elementor-element elementor-element-4041505 elementor-section-boxed elementor-section-height-default elementor-section-height-default\" data-id=\"4041505\" data-element_type=\"section\" data-settings=\"{&quot;background_background&quot;:&quot;classic&quot;,&quot;background_motion_fx_scale_speed&quot;:{&quot;unit&quot;:&quot;px&quot;,&quot;size&quot;:2,&quot;sizes&quot;:[]},&quot;background_motion_fx_motion_fx_scrolling&quot;:&quot;yes&quot;,&quot;background_motion_fx_scale_effect&quot;:&quot;yes&quot;,&quot;background_motion_fx_scale_direction&quot;:&quot;out-in&quot;,&quot;background_motion_fx_scale_range&quot;:{&quot;unit&quot;:&quot;%&quot;,&quot;size&quot;:&quot;&quot;,&quot;sizes&quot;:{&quot;start&quot;:20,&quot;end&quot;:80}},&quot;background_motion_fx_devices&quot;:[&quot;desktop&quot;,&quot;tablet&quot;,&quot;mobile&quot;],&quot;_ha_eqh_enable&quot;:false}\">\n\t\t\t\t\t\t\t<div class=\"elementor-background-overlay\"><\/div>\n\t\t\t\t\t\t\t<div class=\"elementor-container elementor-column-gap-default\">\n\t\t\t\t\t<div class=\"elementor-column elementor-col-100 elementor-top-column elementor-element elementor-element-e6bcf34\" data-id=\"e6bcf34\" data-element_type=\"column\">\n\t\t\t<div class=\"elementor-widget-wrap elementor-element-populated\">\n\t\t\t\t\t\t<div class=\"elementor-element elementor-element-016375d elementor-widget elementor-widget-heading\" data-id=\"016375d\" data-element_type=\"widget\" data-widget_type=\"heading.default\">\n\t\t\t\t<div class=\"elementor-widget-container\">\n\t\t\t<h2 class=\"elementor-heading-title elementor-size-default\">Are you looking for professional advice on private equity?<\/h2>\t\t<\/div>\n\t\t\t\t<\/div>\n\t\t\t\t<div class=\"elementor-element elementor-element-d84cb87 elementor-widget elementor-widget-text-editor\" data-id=\"d84cb87\" data-element_type=\"widget\" data-widget_type=\"text-editor.default\">\n\t\t\t\t<div class=\"elementor-widget-container\">\n\t\t\t\t\t\t\t<p>We have excellent experience in private equity and successfully mediate investors and companies. Contact us for further information or a detailed consultation.<\/p>\t\t\t\t\t\t<\/div>\n\t\t\t\t<\/div>\n\t\t\t\t<div class=\"elementor-element elementor-element-03277db elementor-widget__width-auto elementor-hidden-mobile elementor-widget elementor-widget-button\" data-id=\"03277db\" data-element_type=\"widget\" data-widget_type=\"button.default\">\n\t\t\t\t<div class=\"elementor-widget-container\">\n\t\t\t\t\t<div class=\"elementor-button-wrapper\">\n\t\t\t<a class=\"elementor-button elementor-button-link elementor-size-sm\" href=\"#elementor-action:action=popup:open&settings=eyJpZCI6IjMxNjA0IiwidG9nZ2xlIjp0cnVlfQ==\">\n\t\t\t\t\t\t<span class=\"elementor-button-content-wrapper\">\n\t\t\t\t\t\t<span class=\"elementor-button-icon elementor-align-icon-right\">\n\t\t\t\t<i aria-hidden=\"true\" class=\"icon icon-arrow-right\"><\/i>\t\t\t<\/span>\n\t\t\t\t\t\t<span class=\"elementor-button-text\">CONTACT NOW<\/span>\n\t\t<\/span>\n\t\t\t\t\t<\/a>\n\t\t<\/div>\n\t\t\t\t<\/div>\n\t\t\t\t<\/div>\n\t\t\t\t<div class=\"elementor-element elementor-element-27fdc9f elementor-widget__width-auto elementor-hidden-desktop elementor-hidden-tablet elementor-widget elementor-widget-button\" data-id=\"27fdc9f\" data-element_type=\"widget\" data-widget_type=\"button.default\">\n\t\t\t\t<div class=\"elementor-widget-container\">\n\t\t\t\t\t<div class=\"elementor-button-wrapper\">\n\t\t\t<a class=\"elementor-button elementor-button-link elementor-size-sm\" href=\"https:\/\/www.schwarzhorn-capital.ch\/en\/kontakt\/\">\n\t\t\t\t\t\t<span class=\"elementor-button-content-wrapper\">\n\t\t\t\t\t\t<span class=\"elementor-button-icon elementor-align-icon-right\">\n\t\t\t\t<i aria-hidden=\"true\" class=\"icon icon-arrow-right\"><\/i>\t\t\t<\/span>\n\t\t\t\t\t\t<span class=\"elementor-button-text\">CONTACT NOW<\/span>\n\t\t<\/span>\n\t\t\t\t\t<\/a>\n\t\t<\/div>\n\t\t\t\t<\/div>\n\t\t\t\t<\/div>\n\t\t\t\t\t<\/div>\n\t\t<\/div>\n\t\t\t\t\t<\/div>\n\t\t<\/section>\n\t\t\t\t<\/div>","protected":false},"excerpt":{"rendered":"<p>Anlagebedarf Mit Hilfe unserer kompetenten Unterst\u00fctzung erfolgreich investieren.&nbsp; Jetzt kontaktieren Jetzt kontaktieren Gestalten Sie aktiv mit \u2013 durch Private Equity Investments werden Sie Teil des Erfolges. DIREKTINVESTITIONEN IN UNTERNEHMEN Private-Equity-Investitionen erm\u00f6glichen es den Unternehmen, einen B\u00f6rsengang zu vermeiden, was dem Management mehr Freiheit bei der F\u00fchrung des Unternehmens gibt. Diese zus\u00e4tzliche Freiheit verschafft den Anlegern [&hellip;]<\/p>","protected":false},"author":3,"featured_media":34650,"parent":0,"menu_order":3,"comment_status":"closed","ping_status":"closed","template":"elementor_header_footer","meta":{"footnotes":""},"yoast_head":"<!-- This site is optimized with the Yoast SEO plugin v22.0 - https:\/\/yoast.com\/wordpress\/plugins\/seo\/ -->\n<title>Anlagebedarf - Schwarzhorn Capital<\/title>\n<meta name=\"description\" content=\"Private-Equity-Investitionen erm\u00f6glichen es den Unternehmen, einen B\u00f6rsengang zu vermeiden, was dem Management mehr Freiheit bei der...\" \/>\n<meta name=\"robots\" content=\"index, follow, max-snippet:-1, max-image-preview:large, max-video-preview:-1\" \/>\n<link rel=\"canonical\" href=\"https:\/\/www.schwarzhorn-capital.ch\/en\/anlagebedarf\/\" \/>\n<meta property=\"og:locale\" content=\"en_US\" \/>\n<meta property=\"og:type\" content=\"article\" \/>\n<meta property=\"og:title\" content=\"Anlagebedarf - Schwarzhorn Capital\" \/>\n<meta property=\"og:description\" content=\"Private-Equity-Investitionen erm\u00f6glichen es den Unternehmen, einen B\u00f6rsengang zu vermeiden, was dem Management mehr Freiheit bei der...\" \/>\n<meta property=\"og:url\" content=\"https:\/\/www.schwarzhorn-capital.ch\/en\/anlagebedarf\/\" \/>\n<meta property=\"og:site_name\" content=\"Schwarzhorn Capital\" \/>\n<meta property=\"article:modified_time\" content=\"2023-03-13T08:49:59+00:00\" \/>\n<meta property=\"og:image\" content=\"https:\/\/www.schwarzhorn-capital.ch\/wp-content\/uploads\/2022\/12\/Schwarzhorn-Capital-AG.jpg\" \/>\n\t<meta property=\"og:image:width\" content=\"1024\" \/>\n\t<meta property=\"og:image:height\" content=\"1024\" \/>\n\t<meta property=\"og:image:type\" content=\"image\/jpeg\" \/>\n<meta name=\"twitter:card\" content=\"summary_large_image\" \/>\n<meta name=\"twitter:label1\" content=\"Est. reading time\" \/>\n\t<meta name=\"twitter:data1\" content=\"2 minutes\" \/>\n<script type=\"application\/ld+json\" class=\"yoast-schema-graph\">{\"@context\":\"https:\/\/schema.org\",\"@graph\":[{\"@type\":\"WebPage\",\"@id\":\"https:\/\/www.schwarzhorn-capital.ch\/anlagebedarf\/\",\"url\":\"https:\/\/www.schwarzhorn-capital.ch\/anlagebedarf\/\",\"name\":\"Anlagebedarf - Schwarzhorn Capital\",\"isPartOf\":{\"@id\":\"https:\/\/www.schwarzhorn-capital.ch\/#website\"},\"datePublished\":\"2022-11-17T14:59:18+00:00\",\"dateModified\":\"2023-03-13T08:49:59+00:00\",\"description\":\"Private-Equity-Investitionen erm\u00f6glichen es den Unternehmen, einen B\u00f6rsengang zu vermeiden, was dem Management mehr Freiheit bei der...\",\"breadcrumb\":{\"@id\":\"https:\/\/www.schwarzhorn-capital.ch\/anlagebedarf\/#breadcrumb\"},\"inLanguage\":\"en-US\",\"potentialAction\":[{\"@type\":\"ReadAction\",\"target\":[\"https:\/\/www.schwarzhorn-capital.ch\/anlagebedarf\/\"]}]},{\"@type\":\"BreadcrumbList\",\"@id\":\"https:\/\/www.schwarzhorn-capital.ch\/anlagebedarf\/#breadcrumb\",\"itemListElement\":[{\"@type\":\"ListItem\",\"position\":1,\"name\":\"Home\",\"item\":\"https:\/\/www.schwarzhorn-capital.ch\/\"},{\"@type\":\"ListItem\",\"position\":2,\"name\":\"Anlagebedarf\"}]},{\"@type\":\"WebSite\",\"@id\":\"https:\/\/www.schwarzhorn-capital.ch\/#website\",\"url\":\"https:\/\/www.schwarzhorn-capital.ch\/\",\"name\":\"Schwarzhorn Capital\",\"description\":\"Schwarzhorn Capital AG\",\"publisher\":{\"@id\":\"https:\/\/www.schwarzhorn-capital.ch\/#organization\"},\"alternateName\":\"Schwarzhorn Capital AG\",\"inLanguage\":\"en-US\"},{\"@type\":\"Organization\",\"@id\":\"https:\/\/www.schwarzhorn-capital.ch\/#organization\",\"name\":\"Schwarzhorn Capital\",\"alternateName\":\"Schwarzhorn Capital AG\",\"url\":\"https:\/\/www.schwarzhorn-capital.ch\/\",\"logo\":{\"@type\":\"ImageObject\",\"inLanguage\":\"en-US\",\"@id\":\"https:\/\/www.schwarzhorn-capital.ch\/#\/schema\/logo\/image\/\",\"url\":\"https:\/\/www.schwarzhorn-capital.ch\/wp-content\/uploads\/2020\/10\/Schwarzhorn-Capital-AG-Siteicon-2.jpg\",\"contentUrl\":\"https:\/\/www.schwarzhorn-capital.ch\/wp-content\/uploads\/2020\/10\/Schwarzhorn-Capital-AG-Siteicon-2.jpg\",\"width\":512,\"height\":512,\"caption\":\"Schwarzhorn Capital\"},\"image\":{\"@id\":\"https:\/\/www.schwarzhorn-capital.ch\/#\/schema\/logo\/image\/\"}}]}<\/script>\n<!-- \/ Yoast SEO plugin. -->","yoast_head_json":{"title":"Anlagebedarf - Schwarzhorn Capital","description":"Private-Equity-Investitionen erm\u00f6glichen es den Unternehmen, einen B\u00f6rsengang zu vermeiden, was dem Management mehr Freiheit bei der...","robots":{"index":"index","follow":"follow","max-snippet":"max-snippet:-1","max-image-preview":"max-image-preview:large","max-video-preview":"max-video-preview:-1"},"canonical":"https:\/\/www.schwarzhorn-capital.ch\/en\/anlagebedarf\/","og_locale":"en_US","og_type":"article","og_title":"Anlagebedarf - Schwarzhorn Capital","og_description":"Private-Equity-Investitionen erm\u00f6glichen es den Unternehmen, einen B\u00f6rsengang zu vermeiden, was dem Management mehr Freiheit bei der...","og_url":"https:\/\/www.schwarzhorn-capital.ch\/en\/anlagebedarf\/","og_site_name":"Schwarzhorn Capital","article_modified_time":"2023-03-13T08:49:59+00:00","og_image":[{"width":1024,"height":1024,"url":"https:\/\/www.schwarzhorn-capital.ch\/wp-content\/uploads\/2022\/12\/Schwarzhorn-Capital-AG.jpg","type":"image\/jpeg"}],"twitter_card":"summary_large_image","twitter_misc":{"Est. reading time":"2 minutes"},"schema":{"@context":"https:\/\/schema.org","@graph":[{"@type":"WebPage","@id":"https:\/\/www.schwarzhorn-capital.ch\/anlagebedarf\/","url":"https:\/\/www.schwarzhorn-capital.ch\/anlagebedarf\/","name":"Anlagebedarf - Schwarzhorn Capital","isPartOf":{"@id":"https:\/\/www.schwarzhorn-capital.ch\/#website"},"datePublished":"2022-11-17T14:59:18+00:00","dateModified":"2023-03-13T08:49:59+00:00","description":"Private-Equity-Investitionen erm\u00f6glichen es den Unternehmen, einen B\u00f6rsengang zu vermeiden, was dem Management mehr Freiheit bei der...","breadcrumb":{"@id":"https:\/\/www.schwarzhorn-capital.ch\/anlagebedarf\/#breadcrumb"},"inLanguage":"en-US","potentialAction":[{"@type":"ReadAction","target":["https:\/\/www.schwarzhorn-capital.ch\/anlagebedarf\/"]}]},{"@type":"BreadcrumbList","@id":"https:\/\/www.schwarzhorn-capital.ch\/anlagebedarf\/#breadcrumb","itemListElement":[{"@type":"ListItem","position":1,"name":"Home","item":"https:\/\/www.schwarzhorn-capital.ch\/"},{"@type":"ListItem","position":2,"name":"Anlagebedarf"}]},{"@type":"WebSite","@id":"https:\/\/www.schwarzhorn-capital.ch\/#website","url":"https:\/\/www.schwarzhorn-capital.ch\/","name":"Schwarzhorn Capital","description":"Schwarzhorn Capital AG","publisher":{"@id":"https:\/\/www.schwarzhorn-capital.ch\/#organization"},"alternateName":"Schwarzhorn Capital AG","inLanguage":"en-US"},{"@type":"Organization","@id":"https:\/\/www.schwarzhorn-capital.ch\/#organization","name":"Schwarzhorn Capital","alternateName":"Schwarzhorn Capital AG","url":"https:\/\/www.schwarzhorn-capital.ch\/","logo":{"@type":"ImageObject","inLanguage":"en-US","@id":"https:\/\/www.schwarzhorn-capital.ch\/#\/schema\/logo\/image\/","url":"https:\/\/www.schwarzhorn-capital.ch\/wp-content\/uploads\/2020\/10\/Schwarzhorn-Capital-AG-Siteicon-2.jpg","contentUrl":"https:\/\/www.schwarzhorn-capital.ch\/wp-content\/uploads\/2020\/10\/Schwarzhorn-Capital-AG-Siteicon-2.jpg","width":512,"height":512,"caption":"Schwarzhorn Capital"},"image":{"@id":"https:\/\/www.schwarzhorn-capital.ch\/#\/schema\/logo\/image\/"}}]}},"_links":{"self":[{"href":"https:\/\/www.schwarzhorn-capital.ch\/en\/wp-json\/wp\/v2\/pages\/28958"}],"collection":[{"href":"https:\/\/www.schwarzhorn-capital.ch\/en\/wp-json\/wp\/v2\/pages"}],"about":[{"href":"https:\/\/www.schwarzhorn-capital.ch\/en\/wp-json\/wp\/v2\/types\/page"}],"author":[{"embeddable":true,"href":"https:\/\/www.schwarzhorn-capital.ch\/en\/wp-json\/wp\/v2\/users\/3"}],"replies":[{"embeddable":true,"href":"https:\/\/www.schwarzhorn-capital.ch\/en\/wp-json\/wp\/v2\/comments?post=28958"}],"version-history":[{"count":363,"href":"https:\/\/www.schwarzhorn-capital.ch\/en\/wp-json\/wp\/v2\/pages\/28958\/revisions"}],"predecessor-version":[{"id":36479,"href":"https:\/\/www.schwarzhorn-capital.ch\/en\/wp-json\/wp\/v2\/pages\/28958\/revisions\/36479"}],"wp:featuredmedia":[{"embeddable":true,"href":"https:\/\/www.schwarzhorn-capital.ch\/en\/wp-json\/wp\/v2\/media\/34650"}],"wp:attachment":[{"href":"https:\/\/www.schwarzhorn-capital.ch\/en\/wp-json\/wp\/v2\/media?parent=28958"}],"curies":[{"name":"wp","href":"https:\/\/api.w.org\/{rel}","templated":true}]}}